{"id":1950,"date":"2026-04-02T17:40:23","date_gmt":"2026-04-02T15:40:23","guid":{"rendered":"https:\/\/www.frankhoppmann.de\/shop\/artists-copy-hoppmann-illustrated-book-sold\/"},"modified":"2026-04-02T17:40:23","modified_gmt":"2026-04-02T15:40:23","slug":"artists-copy-hoppmann-illustrated-book-sold","status":"publish","type":"product","link":"https:\/\/www.frankhoppmann.de\/en\/product\/artists-copy-hoppmann-illustrated-book-sold\/","title":{"rendered":"Artist\u2019s copy HOPPMANN \u2013 Illustrated book \u2013 SOLD"},"content":{"rendered":"<ul data-start=\"0\" data-end=\"500\">\n<li data-section-id=\"165kaom\" data-start=\"0\" data-end=\"111\">Artist\u2019s copy, including etching \u2014 a state proof from the edition for the deluxe edition; see product images.<\/li>\n<li data-section-id=\"15ok0xk\" data-start=\"112\" data-end=\"140\">Special double dust jacket<\/li>\n<li data-section-id=\"1qvwsie\" data-start=\"141\" data-end=\"163\">Signed, open edition<\/li>\n<li data-section-id=\"1a9odam\" data-start=\"164\" data-end=\"208\">Personal dedication available upon request<\/li>\n<li data-section-id=\"jbjkbr\" data-start=\"209\" data-end=\"298\">Illustrated book with 272 pages, 1.8 kg, 24 x 32 cm, hardcover, texts in German\/English<\/li>\n<li data-section-id=\"1lpihau\" data-start=\"299\" data-end=\"370\">Publisher: G\u00f6ttinger Verlag der Kunst; 1st edition (7 September 2023)<\/li>\n<li data-section-id=\"1fvol70\" data-start=\"371\" data-end=\"398\">Language: English, German<\/li>\n<li data-section-id=\"1d7pcwn\" data-start=\"399\" data-end=\"421\">Hardcover: 272 pages<\/li>\n<li data-section-id=\"r7f479\" data-start=\"422\" data-end=\"443\">ISBN-10: 3945869188<\/li>\n<li data-section-id=\"qeyfn4\" data-start=\"444\" data-end=\"469\">ISBN-13: 978-3945869185<\/li>\n<li data-section-id=\"dtocq8\" data-start=\"470\" data-end=\"500\">Dimensions: 32.5 x 24 x 3 cm<\/li>\n<\/ul>\n<p data-start=\"502\" data-end=\"583\">The book features well-known works as well as many previously unpublished pieces.<\/p>\n<p data-start=\"585\" data-end=\"599\">With texts by:<\/p>\n<p data-start=\"601\" data-end=\"736\">Dr. Th\u00e9r\u00e8se Willer was Director of the Tomi Ungerer Museum \u2013 International Centre for Illustration \u2013 in Strasbourg until February 2023.<\/p>\n<p data-start=\"738\" data-end=\"901\">Tete B\u00f6ttger studied law, history and economics in Geneva, Berlin and G\u00f6ttingen. B\u00f6ttger is a collector, art publisher and exhibitor with a focus on Horst Janssen.<\/p>\n<p data-start=\"903\" data-end=\"1121\" data-is-last-node=\"\" data-is-only-node=\"\">Oliver Maria Schmitt is Honorary Chairman of DIE PARTEI, former editor-in-chief and co-publisher of the satirical magazine TITANIC. He also writes regularly for publications including DIE ZEIT, FAZ, SZ and DER SPIEGEL.<\/p>\n","protected":false},"excerpt":{"rendered":"<ul data-start=\"0\" data-end=\"500\">\n<li data-section-id=\"165kaom\" data-start=\"0\" data-end=\"111\">Artist\u2019s copy, including etching \u2014 a state proof from the edition for the deluxe edition; see product images.<\/li>\n<li data-section-id=\"15ok0xk\" data-start=\"112\" data-end=\"140\">Special double dust jacket<\/li>\n<li data-section-id=\"1qvwsie\" data-start=\"141\" data-end=\"163\">Signed, open edition<\/li>\n<li data-section-id=\"1a9odam\" data-start=\"164\" data-end=\"208\">Personal dedication available upon request<\/li>\n<\/ul>\n","protected":false},"featured_media":1951,"template":"","meta":{"_acf_changed":false},"product_brand":[],"product_cat":[177,178],"product_tag":[],"class_list":{"0":"post-1950","1":"product","2":"type-product","3":"status-publish","4":"has-post-thumbnail","6":"product_cat-book","7":"product_cat-books-calendars-more","9":"first","10":"outofstock","11":"taxable","12":"shipping-taxable","13":"purchasable","14":"product-type-simple"},"acf":[],"yoast_head":"<!-- This site is optimized with the Yoast SEO plugin v27.5 - https:\/\/yoast.com\/product\/yoast-seo-wordpress\/ -->\n<title>Artist\u2019s copy HOPPMANN \u2013 Illustrated book \u2013 SOLD - Frank Hoppmann<\/title>\n<meta name=\"robots\" content=\"index, follow, max-snippet:-1, max-image-preview:large, max-video-preview:-1\" \/>\n<link rel=\"canonical\" href=\"https:\/\/www.frankhoppmann.de\/en\/product\/artists-copy-hoppmann-illustrated-book-sold\/\" \/>\n<meta property=\"og:locale\" content=\"en_US\" \/>\n<meta property=\"og:type\" content=\"article\" \/>\n<meta property=\"og:title\" content=\"Artist\u2019s copy HOPPMANN \u2013 Illustrated book \u2013 SOLD - Frank Hoppmann\" \/>\n<meta property=\"og:description\" content=\"Artist\u2019s copy, including etching \u2014 a state proof from the edition for the deluxe edition; see product images.  Special double dust jacket  Signed, open edition  Personal dedication available upon request\" \/>\n<meta property=\"og:url\" content=\"https:\/\/www.frankhoppmann.de\/en\/product\/artists-copy-hoppmann-illustrated-book-sold\/\" \/>\n<meta property=\"og:site_name\" content=\"Frank Hoppmann\" \/>\n<meta name=\"twitter:card\" content=\"summary_large_image\" \/>\n<meta name=\"twitter:label1\" content=\"Est. reading time\" \/>\n\t<meta name=\"twitter:data1\" content=\"1 minute\" \/>\n<script type=\"application\/ld+json\" class=\"yoast-schema-graph\">{\"@context\":\"https:\\\/\\\/schema.org\",\"@graph\":[{\"@type\":\"WebPage\",\"@id\":\"https:\\\/\\\/www.frankhoppmann.de\\\/en\\\/product\\\/artists-copy-hoppmann-illustrated-book-sold\\\/\",\"url\":\"https:\\\/\\\/www.frankhoppmann.de\\\/en\\\/product\\\/artists-copy-hoppmann-illustrated-book-sold\\\/\",\"name\":\"Artist\u2019s copy HOPPMANN \u2013 Illustrated book \u2013 SOLD - Frank Hoppmann\",\"isPartOf\":{\"@id\":\"https:\\\/\\\/www.frankhoppmann.de\\\/#website\"},\"primaryImageOfPage\":{\"@id\":\"https:\\\/\\\/www.frankhoppmann.de\\\/en\\\/product\\\/artists-copy-hoppmann-illustrated-book-sold\\\/#primaryimage\"},\"image\":{\"@id\":\"https:\\\/\\\/www.frankhoppmann.de\\\/en\\\/product\\\/artists-copy-hoppmann-illustrated-book-sold\\\/#primaryimage\"},\"thumbnailUrl\":\"https:\\\/\\\/www.frankhoppmann.de\\\/wp-content\\\/uploads\\\/2026\\\/04\\\/16-3.avif\",\"datePublished\":\"2026-04-02T15:40:23+00:00\",\"breadcrumb\":{\"@id\":\"https:\\\/\\\/www.frankhoppmann.de\\\/en\\\/product\\\/artists-copy-hoppmann-illustrated-book-sold\\\/#breadcrumb\"},\"inLanguage\":\"en-US\",\"potentialAction\":[{\"@type\":\"ReadAction\",\"target\":[\"https:\\\/\\\/www.frankhoppmann.de\\\/en\\\/product\\\/artists-copy-hoppmann-illustrated-book-sold\\\/\"]}]},{\"@type\":\"ImageObject\",\"inLanguage\":\"en-US\",\"@id\":\"https:\\\/\\\/www.frankhoppmann.de\\\/en\\\/product\\\/artists-copy-hoppmann-illustrated-book-sold\\\/#primaryimage\",\"url\":\"https:\\\/\\\/www.frankhoppmann.de\\\/wp-content\\\/uploads\\\/2026\\\/04\\\/16-3.avif\",\"contentUrl\":\"https:\\\/\\\/www.frankhoppmann.de\\\/wp-content\\\/uploads\\\/2026\\\/04\\\/16-3.avif\",\"width\":1280,\"height\":1280},{\"@type\":\"BreadcrumbList\",\"@id\":\"https:\\\/\\\/www.frankhoppmann.de\\\/en\\\/product\\\/artists-copy-hoppmann-illustrated-book-sold\\\/#breadcrumb\",\"itemListElement\":[{\"@type\":\"ListItem\",\"position\":1,\"name\":\"Start\",\"item\":\"https:\\\/\\\/www.frankhoppmann.de\\\/en\\\/\"},{\"@type\":\"ListItem\",\"position\":2,\"name\":\"Shop\",\"item\":\"https:\\\/\\\/www.frankhoppmann.de\\\/en\\\/shop\\\/\"},{\"@type\":\"ListItem\",\"position\":3,\"name\":\"Artist\u2019s copy HOPPMANN \u2013 Illustrated book \u2013 SOLD\"}]},{\"@type\":\"WebSite\",\"@id\":\"https:\\\/\\\/www.frankhoppmann.de\\\/#website\",\"url\":\"https:\\\/\\\/www.frankhoppmann.de\\\/\",\"name\":\"Frank Hoppmann\",\"description\":\"\",\"potentialAction\":[{\"@type\":\"SearchAction\",\"target\":{\"@type\":\"EntryPoint\",\"urlTemplate\":\"https:\\\/\\\/www.frankhoppmann.de\\\/?s={search_term_string}\"},\"query-input\":{\"@type\":\"PropertyValueSpecification\",\"valueRequired\":true,\"valueName\":\"search_term_string\"}}],\"inLanguage\":\"en-US\"}]}<\/script>\n<!-- \/ Yoast SEO plugin. -->","yoast_head_json":{"title":"Artist\u2019s copy HOPPMANN \u2013 Illustrated book \u2013 SOLD - Frank Hoppmann","robots":{"index":"index","follow":"follow","max-snippet":"max-snippet:-1","max-image-preview":"max-image-preview:large","max-video-preview":"max-video-preview:-1"},"canonical":"https:\/\/www.frankhoppmann.de\/en\/product\/artists-copy-hoppmann-illustrated-book-sold\/","og_locale":"en_US","og_type":"article","og_title":"Artist\u2019s copy HOPPMANN \u2013 Illustrated book \u2013 SOLD - Frank Hoppmann","og_description":"Artist\u2019s copy, including etching \u2014 a state proof from the edition for the deluxe edition; see product images.  Special double dust jacket  Signed, open edition  Personal dedication available upon request","og_url":"https:\/\/www.frankhoppmann.de\/en\/product\/artists-copy-hoppmann-illustrated-book-sold\/","og_site_name":"Frank Hoppmann","twitter_card":"summary_large_image","twitter_misc":{"Est. reading time":"1 minute"},"schema":{"@context":"https:\/\/schema.org","@graph":[{"@type":"WebPage","@id":"https:\/\/www.frankhoppmann.de\/en\/product\/artists-copy-hoppmann-illustrated-book-sold\/","url":"https:\/\/www.frankhoppmann.de\/en\/product\/artists-copy-hoppmann-illustrated-book-sold\/","name":"Artist\u2019s copy HOPPMANN \u2013 Illustrated book \u2013 SOLD - Frank Hoppmann","isPartOf":{"@id":"https:\/\/www.frankhoppmann.de\/#website"},"primaryImageOfPage":{"@id":"https:\/\/www.frankhoppmann.de\/en\/product\/artists-copy-hoppmann-illustrated-book-sold\/#primaryimage"},"image":{"@id":"https:\/\/www.frankhoppmann.de\/en\/product\/artists-copy-hoppmann-illustrated-book-sold\/#primaryimage"},"thumbnailUrl":"https:\/\/www.frankhoppmann.de\/wp-content\/uploads\/2026\/04\/16-3.avif","datePublished":"2026-04-02T15:40:23+00:00","breadcrumb":{"@id":"https:\/\/www.frankhoppmann.de\/en\/product\/artists-copy-hoppmann-illustrated-book-sold\/#breadcrumb"},"inLanguage":"en-US","potentialAction":[{"@type":"ReadAction","target":["https:\/\/www.frankhoppmann.de\/en\/product\/artists-copy-hoppmann-illustrated-book-sold\/"]}]},{"@type":"ImageObject","inLanguage":"en-US","@id":"https:\/\/www.frankhoppmann.de\/en\/product\/artists-copy-hoppmann-illustrated-book-sold\/#primaryimage","url":"https:\/\/www.frankhoppmann.de\/wp-content\/uploads\/2026\/04\/16-3.avif","contentUrl":"https:\/\/www.frankhoppmann.de\/wp-content\/uploads\/2026\/04\/16-3.avif","width":1280,"height":1280},{"@type":"BreadcrumbList","@id":"https:\/\/www.frankhoppmann.de\/en\/product\/artists-copy-hoppmann-illustrated-book-sold\/#breadcrumb","itemListElement":[{"@type":"ListItem","position":1,"name":"Start","item":"https:\/\/www.frankhoppmann.de\/en\/"},{"@type":"ListItem","position":2,"name":"Shop","item":"https:\/\/www.frankhoppmann.de\/en\/shop\/"},{"@type":"ListItem","position":3,"name":"Artist\u2019s copy HOPPMANN \u2013 Illustrated book \u2013 SOLD"}]},{"@type":"WebSite","@id":"https:\/\/www.frankhoppmann.de\/#website","url":"https:\/\/www.frankhoppmann.de\/","name":"Frank Hoppmann","description":"","potentialAction":[{"@type":"SearchAction","target":{"@type":"EntryPoint","urlTemplate":"https:\/\/www.frankhoppmann.de\/?s={search_term_string}"},"query-input":{"@type":"PropertyValueSpecification","valueRequired":true,"valueName":"search_term_string"}}],"inLanguage":"en-US"}]}},"_links":{"self":[{"href":"https:\/\/www.frankhoppmann.de\/en\/wp-json\/wp\/v2\/product\/1950","targetHints":{"allow":["GET"]}}],"collection":[{"href":"https:\/\/www.frankhoppmann.de\/en\/wp-json\/wp\/v2\/product"}],"about":[{"href":"https:\/\/www.frankhoppmann.de\/en\/wp-json\/wp\/v2\/types\/product"}],"wp:featuredmedia":[{"embeddable":true,"href":"https:\/\/www.frankhoppmann.de\/en\/wp-json\/wp\/v2\/media\/1951"}],"wp:attachment":[{"href":"https:\/\/www.frankhoppmann.de\/en\/wp-json\/wp\/v2\/media?parent=1950"}],"wp:term":[{"taxonomy":"product_brand","embeddable":true,"href":"https:\/\/www.frankhoppmann.de\/en\/wp-json\/wp\/v2\/product_brand?post=1950"},{"taxonomy":"product_cat","embeddable":true,"href":"https:\/\/www.frankhoppmann.de\/en\/wp-json\/wp\/v2\/product_cat?post=1950"},{"taxonomy":"product_tag","embeddable":true,"href":"https:\/\/www.frankhoppmann.de\/en\/wp-json\/wp\/v2\/product_tag?post=1950"}],"curies":[{"name":"wp","href":"https:\/\/api.w.org\/{rel}","templated":true}]}}