{"id":2084,"date":"2026-04-02T23:44:20","date_gmt":"2026-04-02T21:44:20","guid":{"rendered":"https:\/\/www.frankhoppmann.de\/shop\/hoppmann-illustrated-book\/"},"modified":"2026-04-02T23:44:20","modified_gmt":"2026-04-02T21:44:20","slug":"hoppmann-illustrated-book","status":"publish","type":"product","link":"https:\/\/www.frankhoppmann.de\/en\/product\/hoppmann-illustrated-book\/","title":{"rendered":"HOPPMANN \u2013 Illustrated Book"},"content":{"rendered":"<ul data-start=\"0\" data-end=\"293\">\n<li data-section-id=\"1swzb2m\" data-start=\"0\" data-end=\"41\">Illustrated book with 272 pages, 1.8 kg<\/li>\n<li data-section-id=\"mdg34p\" data-start=\"42\" data-end=\"54\">24 x 32 cm<\/li>\n<li data-section-id=\"1lv6g7k\" data-start=\"55\" data-end=\"91\">Hardcover, texts in German\/English<\/li>\n<li data-section-id=\"1lpihau\" data-start=\"92\" data-end=\"163\">Publisher: G\u00f6ttinger Verlag der Kunst; 1st edition (7 September 2023)<\/li>\n<li data-section-id=\"1fvol70\" data-start=\"164\" data-end=\"191\">Language: English, German<\/li>\n<li data-section-id=\"1d7pcwn\" data-start=\"192\" data-end=\"214\">Hardcover: 272 pages<\/li>\n<li data-section-id=\"r7f479\" data-start=\"215\" data-end=\"236\">ISBN-10: 3945869188<\/li>\n<li data-section-id=\"qeyfn4\" data-start=\"237\" data-end=\"262\">ISBN-13: 978-3945869185<\/li>\n<li data-section-id=\"dtocq8\" data-start=\"263\" data-end=\"293\">Dimensions: 32.5 x 24 x 3 cm<\/li>\n<\/ul>\n<p data-start=\"295\" data-end=\"376\">The book features well-known works as well as many previously unpublished pieces.<\/p>\n<p data-start=\"378\" data-end=\"392\">With texts by:<\/p>\n<p data-start=\"394\" data-end=\"529\">Dr. Th\u00e9r\u00e8se Willer was Director of the Tomi Ungerer Museum \u2013 International Centre for Illustration \u2013 in Strasbourg until February 2023.<\/p>\n<p data-start=\"531\" data-end=\"694\">Tete B\u00f6ttger studied law, history and economics in Geneva, Berlin and G\u00f6ttingen. B\u00f6ttger is a collector, art publisher and exhibitor with a focus on Horst Janssen.<\/p>\n<p data-start=\"696\" data-end=\"914\" data-is-last-node=\"\" data-is-only-node=\"\">Oliver Maria Schmitt is Honorary Chairman of DIE PARTEI, former editor-in-chief and co-publisher of the satirical magazine TITANIC. He also writes regularly for publications including DIE ZEIT, FAZ, SZ and DER SPIEGEL.<\/p>\n","protected":false},"excerpt":{"rendered":"<ul data-start=\"0\" data-end=\"91\">\n<li data-section-id=\"1swzb2m\" data-start=\"0\" data-end=\"41\">Illustrated book with 272 pages, 1.8 kg<\/li>\n<li data-section-id=\"mdg34p\" data-start=\"42\" data-end=\"54\">24 x 32 cm<\/li>\n<li data-section-id=\"1lv6g7k\" data-start=\"55\" data-end=\"91\">Hardcover, texts in German\/English<\/li>\n<\/ul>\n<p data-start=\"93\" data-end=\"174\" data-is-last-node=\"\" data-is-only-node=\"\">The book features well-known works as well as many previously unpublished pieces.<\/p>\n","protected":false},"featured_media":2085,"template":"","meta":{"_acf_changed":false},"product_brand":[],"product_cat":[177,178],"product_tag":[],"class_list":{"0":"post-2084","1":"product","2":"type-product","3":"status-publish","4":"has-post-thumbnail","6":"product_cat-book","7":"product_cat-books-calendars-more","9":"first","10":"instock","11":"featured","12":"taxable","13":"shipping-taxable","14":"purchasable","15":"product-type-simple"},"acf":[],"yoast_head":"<!-- This site is optimized with the Yoast SEO plugin v27.5 - https:\/\/yoast.com\/product\/yoast-seo-wordpress\/ -->\n<title>HOPPMANN \u2013 Illustrated Book - Frank Hoppmann<\/title>\n<meta name=\"robots\" content=\"index, follow, max-snippet:-1, max-image-preview:large, max-video-preview:-1\" \/>\n<link rel=\"canonical\" href=\"https:\/\/www.frankhoppmann.de\/en\/product\/hoppmann-illustrated-book\/\" \/>\n<meta property=\"og:locale\" content=\"en_US\" \/>\n<meta property=\"og:type\" content=\"article\" \/>\n<meta property=\"og:title\" content=\"HOPPMANN \u2013 Illustrated Book - Frank Hoppmann\" \/>\n<meta property=\"og:description\" content=\"Illustrated book with 272 pages, 1.8 kg  24 x 32 cm  Hardcover, texts in German\/English  The book features well-known works as well as many previously unpublished pieces.\" \/>\n<meta property=\"og:url\" content=\"https:\/\/www.frankhoppmann.de\/en\/product\/hoppmann-illustrated-book\/\" \/>\n<meta property=\"og:site_name\" content=\"Frank Hoppmann\" \/>\n<meta name=\"twitter:card\" content=\"summary_large_image\" \/>\n<meta name=\"twitter:label1\" content=\"Est. reading time\" \/>\n\t<meta name=\"twitter:data1\" content=\"1 minute\" \/>\n<script type=\"application\/ld+json\" class=\"yoast-schema-graph\">{\"@context\":\"https:\\\/\\\/schema.org\",\"@graph\":[{\"@type\":\"WebPage\",\"@id\":\"https:\\\/\\\/www.frankhoppmann.de\\\/en\\\/product\\\/hoppmann-illustrated-book\\\/\",\"url\":\"https:\\\/\\\/www.frankhoppmann.de\\\/en\\\/product\\\/hoppmann-illustrated-book\\\/\",\"name\":\"HOPPMANN \u2013 Illustrated Book - Frank Hoppmann\",\"isPartOf\":{\"@id\":\"https:\\\/\\\/www.frankhoppmann.de\\\/#website\"},\"primaryImageOfPage\":{\"@id\":\"https:\\\/\\\/www.frankhoppmann.de\\\/en\\\/product\\\/hoppmann-illustrated-book\\\/#primaryimage\"},\"image\":{\"@id\":\"https:\\\/\\\/www.frankhoppmann.de\\\/en\\\/product\\\/hoppmann-illustrated-book\\\/#primaryimage\"},\"thumbnailUrl\":\"https:\\\/\\\/www.frankhoppmann.de\\\/wp-content\\\/uploads\\\/2026\\\/04\\\/16-1.avif\",\"datePublished\":\"2026-04-02T21:44:20+00:00\",\"breadcrumb\":{\"@id\":\"https:\\\/\\\/www.frankhoppmann.de\\\/en\\\/product\\\/hoppmann-illustrated-book\\\/#breadcrumb\"},\"inLanguage\":\"en-US\",\"potentialAction\":[{\"@type\":\"ReadAction\",\"target\":[\"https:\\\/\\\/www.frankhoppmann.de\\\/en\\\/product\\\/hoppmann-illustrated-book\\\/\"]}]},{\"@type\":\"ImageObject\",\"inLanguage\":\"en-US\",\"@id\":\"https:\\\/\\\/www.frankhoppmann.de\\\/en\\\/product\\\/hoppmann-illustrated-book\\\/#primaryimage\",\"url\":\"https:\\\/\\\/www.frankhoppmann.de\\\/wp-content\\\/uploads\\\/2026\\\/04\\\/16-1.avif\",\"contentUrl\":\"https:\\\/\\\/www.frankhoppmann.de\\\/wp-content\\\/uploads\\\/2026\\\/04\\\/16-1.avif\",\"width\":1280,\"height\":1280},{\"@type\":\"BreadcrumbList\",\"@id\":\"https:\\\/\\\/www.frankhoppmann.de\\\/en\\\/product\\\/hoppmann-illustrated-book\\\/#breadcrumb\",\"itemListElement\":[{\"@type\":\"ListItem\",\"position\":1,\"name\":\"Start\",\"item\":\"https:\\\/\\\/www.frankhoppmann.de\\\/en\\\/\"},{\"@type\":\"ListItem\",\"position\":2,\"name\":\"Shop\",\"item\":\"https:\\\/\\\/www.frankhoppmann.de\\\/en\\\/shop\\\/\"},{\"@type\":\"ListItem\",\"position\":3,\"name\":\"HOPPMANN \u2013 Illustrated Book\"}]},{\"@type\":\"WebSite\",\"@id\":\"https:\\\/\\\/www.frankhoppmann.de\\\/#website\",\"url\":\"https:\\\/\\\/www.frankhoppmann.de\\\/\",\"name\":\"Frank Hoppmann\",\"description\":\"\",\"potentialAction\":[{\"@type\":\"SearchAction\",\"target\":{\"@type\":\"EntryPoint\",\"urlTemplate\":\"https:\\\/\\\/www.frankhoppmann.de\\\/?s={search_term_string}\"},\"query-input\":{\"@type\":\"PropertyValueSpecification\",\"valueRequired\":true,\"valueName\":\"search_term_string\"}}],\"inLanguage\":\"en-US\"}]}<\/script>\n<!-- \/ Yoast SEO plugin. -->","yoast_head_json":{"title":"HOPPMANN \u2013 Illustrated Book - Frank Hoppmann","robots":{"index":"index","follow":"follow","max-snippet":"max-snippet:-1","max-image-preview":"max-image-preview:large","max-video-preview":"max-video-preview:-1"},"canonical":"https:\/\/www.frankhoppmann.de\/en\/product\/hoppmann-illustrated-book\/","og_locale":"en_US","og_type":"article","og_title":"HOPPMANN \u2013 Illustrated Book - Frank Hoppmann","og_description":"Illustrated book with 272 pages, 1.8 kg  24 x 32 cm  Hardcover, texts in German\/English  The book features well-known works as well as many previously unpublished pieces.","og_url":"https:\/\/www.frankhoppmann.de\/en\/product\/hoppmann-illustrated-book\/","og_site_name":"Frank Hoppmann","twitter_card":"summary_large_image","twitter_misc":{"Est. reading time":"1 minute"},"schema":{"@context":"https:\/\/schema.org","@graph":[{"@type":"WebPage","@id":"https:\/\/www.frankhoppmann.de\/en\/product\/hoppmann-illustrated-book\/","url":"https:\/\/www.frankhoppmann.de\/en\/product\/hoppmann-illustrated-book\/","name":"HOPPMANN \u2013 Illustrated Book - Frank Hoppmann","isPartOf":{"@id":"https:\/\/www.frankhoppmann.de\/#website"},"primaryImageOfPage":{"@id":"https:\/\/www.frankhoppmann.de\/en\/product\/hoppmann-illustrated-book\/#primaryimage"},"image":{"@id":"https:\/\/www.frankhoppmann.de\/en\/product\/hoppmann-illustrated-book\/#primaryimage"},"thumbnailUrl":"https:\/\/www.frankhoppmann.de\/wp-content\/uploads\/2026\/04\/16-1.avif","datePublished":"2026-04-02T21:44:20+00:00","breadcrumb":{"@id":"https:\/\/www.frankhoppmann.de\/en\/product\/hoppmann-illustrated-book\/#breadcrumb"},"inLanguage":"en-US","potentialAction":[{"@type":"ReadAction","target":["https:\/\/www.frankhoppmann.de\/en\/product\/hoppmann-illustrated-book\/"]}]},{"@type":"ImageObject","inLanguage":"en-US","@id":"https:\/\/www.frankhoppmann.de\/en\/product\/hoppmann-illustrated-book\/#primaryimage","url":"https:\/\/www.frankhoppmann.de\/wp-content\/uploads\/2026\/04\/16-1.avif","contentUrl":"https:\/\/www.frankhoppmann.de\/wp-content\/uploads\/2026\/04\/16-1.avif","width":1280,"height":1280},{"@type":"BreadcrumbList","@id":"https:\/\/www.frankhoppmann.de\/en\/product\/hoppmann-illustrated-book\/#breadcrumb","itemListElement":[{"@type":"ListItem","position":1,"name":"Start","item":"https:\/\/www.frankhoppmann.de\/en\/"},{"@type":"ListItem","position":2,"name":"Shop","item":"https:\/\/www.frankhoppmann.de\/en\/shop\/"},{"@type":"ListItem","position":3,"name":"HOPPMANN \u2013 Illustrated Book"}]},{"@type":"WebSite","@id":"https:\/\/www.frankhoppmann.de\/#website","url":"https:\/\/www.frankhoppmann.de\/","name":"Frank Hoppmann","description":"","potentialAction":[{"@type":"SearchAction","target":{"@type":"EntryPoint","urlTemplate":"https:\/\/www.frankhoppmann.de\/?s={search_term_string}"},"query-input":{"@type":"PropertyValueSpecification","valueRequired":true,"valueName":"search_term_string"}}],"inLanguage":"en-US"}]}},"_links":{"self":[{"href":"https:\/\/www.frankhoppmann.de\/en\/wp-json\/wp\/v2\/product\/2084","targetHints":{"allow":["GET"]}}],"collection":[{"href":"https:\/\/www.frankhoppmann.de\/en\/wp-json\/wp\/v2\/product"}],"about":[{"href":"https:\/\/www.frankhoppmann.de\/en\/wp-json\/wp\/v2\/types\/product"}],"wp:featuredmedia":[{"embeddable":true,"href":"https:\/\/www.frankhoppmann.de\/en\/wp-json\/wp\/v2\/media\/2085"}],"wp:attachment":[{"href":"https:\/\/www.frankhoppmann.de\/en\/wp-json\/wp\/v2\/media?parent=2084"}],"wp:term":[{"taxonomy":"product_brand","embeddable":true,"href":"https:\/\/www.frankhoppmann.de\/en\/wp-json\/wp\/v2\/product_brand?post=2084"},{"taxonomy":"product_cat","embeddable":true,"href":"https:\/\/www.frankhoppmann.de\/en\/wp-json\/wp\/v2\/product_cat?post=2084"},{"taxonomy":"product_tag","embeddable":true,"href":"https:\/\/www.frankhoppmann.de\/en\/wp-json\/wp\/v2\/product_tag?post=2084"}],"curies":[{"name":"wp","href":"https:\/\/api.w.org\/{rel}","templated":true}]}}