{"id":68,"date":"2026-04-02T17:34:00","date_gmt":"2026-04-02T15:34:00","guid":{"rendered":"https:\/\/www.frankhoppmann.de\/?post_type=product&#038;p=68"},"modified":"2026-05-10T15:01:14","modified_gmt":"2026-05-10T13:01:14","slug":"pastors-kau-ii-triptychon-kunstdruck","status":"publish","type":"product","link":"https:\/\/www.frankhoppmann.de\/product\/pastors-kau-ii-triptychon-kunstdruck\/","title":{"rendered":"&#8220;Pastors Kau II&#8221; &#8211; Triptychon &#8211; Kunstdruck"},"content":{"rendered":"<ul>\n<li>Kunstdruck<\/li>\n<li>Triptychon<\/li>\n<li>Der Preis gilt f\u00fcr alle drei Motive.<\/li>\n<li>Aus der Serie &#8220;Pastor und seine Kuh&#8221;<\/li>\n<li>Angebot ohne Rahmung<\/li>\n<\/ul>\n<p>Alle Kunstdrucke sind auf hochwertigem Kunstdruckpapier. Dieses ist mit einer eigens f\u00fcr die FineArt-Anwendung entwickelten Beschichtung veredelt. In Kombination mit der matten Premium-Inkjet-Beschichtung entstehen \u00fcberzeugende FineArt Drucke mit leuchtenden Farben, tiefem Schwarz und bester Detailwiedergabe. Das s\u00e4ure- und ligninfreie FineArt-Inkjet-Papier erf\u00fcllt h\u00f6chste Anforderungen an die Alterungsbest\u00e4ndigkeit.<\/p>\n<p>Alle Drucke sind handsigniert und je nach Auflage durchnummeriert. Auf Wunsch besteht die M\u00f6glichkeit, den Druck mit einer pers\u00f6nlichen Widmung vom K\u00fcnstler pers\u00f6nlich versehen zu lassen. Daf\u00fcr schreiben Sie gerne eine Nachricht in das Textfeld.<\/p>\n","protected":false},"excerpt":{"rendered":"<p>Kunstdruck Triptychon Der Preis gilt f\u00fcr alle drei Motive. Aus der Serie &#8220;Pastor und seine Kuh&#8221; Angebot ohne Rahmung Alle Kunstdrucke sind auf hochwertigem Kunstdruckpapier. Dieses ist mit einer eigens f\u00fcr die FineArt-Anwendung entwickelten Beschichtung veredelt. In Kombination mit der matten Premium-Inkjet-Beschichtung entstehen \u00fcberzeugende FineArt Drucke mit leuchtenden Farben, tiefem Schwarz und bester Detailwiedergabe. Das [&hellip;]<\/p>\n","protected":false},"featured_media":1025,"template":"","meta":{"_acf_changed":false},"product_brand":[],"product_cat":[15,34],"product_tag":[],"class_list":{"0":"post-68","1":"product","2":"type-product","3":"status-publish","4":"has-post-thumbnail","6":"product_cat-kunstdruck","7":"product_cat-triptychon","9":"first","10":"instock","11":"taxable","12":"shipping-taxable","13":"purchasable","14":"product-type-variable"},"acf":[],"yoast_head":"<!-- This site is optimized with the Yoast SEO plugin v27.5 - https:\/\/yoast.com\/product\/yoast-seo-wordpress\/ -->\n<title>&quot;Pastors Kau II&quot; - Triptychon - Kunstdruck - Frank Hoppmann<\/title>\n<meta name=\"robots\" content=\"index, follow, max-snippet:-1, max-image-preview:large, max-video-preview:-1\" \/>\n<link rel=\"canonical\" href=\"https:\/\/www.frankhoppmann.de\/shop\/pastors-kau-ii-triptychon-kunstdruck\/\" \/>\n<meta property=\"og:locale\" content=\"en_US\" \/>\n<meta property=\"og:type\" content=\"article\" \/>\n<meta property=\"og:title\" content=\"&quot;Pastors Kau II&quot; - Triptychon - Kunstdruck - Frank Hoppmann\" \/>\n<meta property=\"og:description\" content=\"Kunstdruck Triptychon Der Preis gilt f\u00fcr alle drei Motive. Aus der Serie &#8220;Pastor und seine Kuh&#8221; Angebot ohne Rahmung Alle Kunstdrucke sind auf hochwertigem Kunstdruckpapier. Dieses ist mit einer eigens f\u00fcr die FineArt-Anwendung entwickelten Beschichtung veredelt. In Kombination mit der matten Premium-Inkjet-Beschichtung entstehen \u00fcberzeugende FineArt Drucke mit leuchtenden Farben, tiefem Schwarz und bester Detailwiedergabe. Das [&hellip;]\" \/>\n<meta property=\"og:url\" content=\"https:\/\/www.frankhoppmann.de\/shop\/pastors-kau-ii-triptychon-kunstdruck\/\" \/>\n<meta property=\"og:site_name\" content=\"Frank Hoppmann\" \/>\n<meta property=\"article:modified_time\" content=\"2026-05-10T13:01:14+00:00\" \/>\n<meta property=\"og:image\" content=\"https:\/\/www.frankhoppmann.de\/wp-content\/uploads\/2026\/04\/08-19.jpg\" \/>\n\t<meta property=\"og:image:width\" content=\"1280\" \/>\n\t<meta property=\"og:image:height\" content=\"1280\" \/>\n\t<meta property=\"og:image:type\" content=\"image\/jpeg\" \/>\n<meta name=\"twitter:card\" content=\"summary_large_image\" \/>\n<meta name=\"twitter:label1\" content=\"Est. reading time\" \/>\n\t<meta name=\"twitter:data1\" content=\"1 minute\" \/>\n<script type=\"application\/ld+json\" class=\"yoast-schema-graph\">{\"@context\":\"https:\\\/\\\/schema.org\",\"@graph\":[{\"@type\":\"WebPage\",\"@id\":\"https:\\\/\\\/www.frankhoppmann.de\\\/shop\\\/pastors-kau-ii-triptychon-kunstdruck\\\/\",\"url\":\"https:\\\/\\\/www.frankhoppmann.de\\\/shop\\\/pastors-kau-ii-triptychon-kunstdruck\\\/\",\"name\":\"\\\"Pastors Kau II\\\" - Triptychon - Kunstdruck - Frank Hoppmann\",\"isPartOf\":{\"@id\":\"https:\\\/\\\/www.frankhoppmann.de\\\/#website\"},\"primaryImageOfPage\":{\"@id\":\"https:\\\/\\\/www.frankhoppmann.de\\\/shop\\\/pastors-kau-ii-triptychon-kunstdruck\\\/#primaryimage\"},\"image\":{\"@id\":\"https:\\\/\\\/www.frankhoppmann.de\\\/shop\\\/pastors-kau-ii-triptychon-kunstdruck\\\/#primaryimage\"},\"thumbnailUrl\":\"https:\\\/\\\/www.frankhoppmann.de\\\/wp-content\\\/uploads\\\/2026\\\/04\\\/08-19.jpg\",\"datePublished\":\"2026-04-02T15:34:00+00:00\",\"dateModified\":\"2026-05-10T13:01:14+00:00\",\"breadcrumb\":{\"@id\":\"https:\\\/\\\/www.frankhoppmann.de\\\/shop\\\/pastors-kau-ii-triptychon-kunstdruck\\\/#breadcrumb\"},\"inLanguage\":\"en-US\",\"potentialAction\":[{\"@type\":\"ReadAction\",\"target\":[\"https:\\\/\\\/www.frankhoppmann.de\\\/shop\\\/pastors-kau-ii-triptychon-kunstdruck\\\/\"]}]},{\"@type\":\"ImageObject\",\"inLanguage\":\"en-US\",\"@id\":\"https:\\\/\\\/www.frankhoppmann.de\\\/shop\\\/pastors-kau-ii-triptychon-kunstdruck\\\/#primaryimage\",\"url\":\"https:\\\/\\\/www.frankhoppmann.de\\\/wp-content\\\/uploads\\\/2026\\\/04\\\/08-19.jpg\",\"contentUrl\":\"https:\\\/\\\/www.frankhoppmann.de\\\/wp-content\\\/uploads\\\/2026\\\/04\\\/08-19.jpg\",\"width\":1280,\"height\":1280},{\"@type\":\"BreadcrumbList\",\"@id\":\"https:\\\/\\\/www.frankhoppmann.de\\\/shop\\\/pastors-kau-ii-triptychon-kunstdruck\\\/#breadcrumb\",\"itemListElement\":[{\"@type\":\"ListItem\",\"position\":1,\"name\":\"Start\",\"item\":\"https:\\\/\\\/www.frankhoppmann.de\\\/en\\\/\"},{\"@type\":\"ListItem\",\"position\":2,\"name\":\"Shop\",\"item\":\"https:\\\/\\\/www.frankhoppmann.de\\\/en\\\/shop\\\/\"},{\"@type\":\"ListItem\",\"position\":3,\"name\":\"&#8222;Pastors Kau II&#8220; &#8211; Triptychon &#8211; Kunstdruck\"}]},{\"@type\":\"WebSite\",\"@id\":\"https:\\\/\\\/www.frankhoppmann.de\\\/#website\",\"url\":\"https:\\\/\\\/www.frankhoppmann.de\\\/\",\"name\":\"Frank Hoppmann\",\"description\":\"\",\"potentialAction\":[{\"@type\":\"SearchAction\",\"target\":{\"@type\":\"EntryPoint\",\"urlTemplate\":\"https:\\\/\\\/www.frankhoppmann.de\\\/?s={search_term_string}\"},\"query-input\":{\"@type\":\"PropertyValueSpecification\",\"valueRequired\":true,\"valueName\":\"search_term_string\"}}],\"inLanguage\":\"en-US\"}]}<\/script>\n<!-- \/ Yoast SEO plugin. -->","yoast_head_json":{"title":"\"Pastors Kau II\" - Triptychon - Kunstdruck - Frank Hoppmann","robots":{"index":"index","follow":"follow","max-snippet":"max-snippet:-1","max-image-preview":"max-image-preview:large","max-video-preview":"max-video-preview:-1"},"canonical":"https:\/\/www.frankhoppmann.de\/shop\/pastors-kau-ii-triptychon-kunstdruck\/","og_locale":"en_US","og_type":"article","og_title":"\"Pastors Kau II\" - Triptychon - Kunstdruck - Frank Hoppmann","og_description":"Kunstdruck Triptychon Der Preis gilt f\u00fcr alle drei Motive. Aus der Serie &#8220;Pastor und seine Kuh&#8221; Angebot ohne Rahmung Alle Kunstdrucke sind auf hochwertigem Kunstdruckpapier. Dieses ist mit einer eigens f\u00fcr die FineArt-Anwendung entwickelten Beschichtung veredelt. In Kombination mit der matten Premium-Inkjet-Beschichtung entstehen \u00fcberzeugende FineArt Drucke mit leuchtenden Farben, tiefem Schwarz und bester Detailwiedergabe. Das [&hellip;]","og_url":"https:\/\/www.frankhoppmann.de\/shop\/pastors-kau-ii-triptychon-kunstdruck\/","og_site_name":"Frank Hoppmann","article_modified_time":"2026-05-10T13:01:14+00:00","og_image":[{"width":1280,"height":1280,"url":"https:\/\/www.frankhoppmann.de\/wp-content\/uploads\/2026\/04\/08-19.jpg","type":"image\/jpeg"}],"twitter_card":"summary_large_image","twitter_misc":{"Est. reading time":"1 minute"},"schema":{"@context":"https:\/\/schema.org","@graph":[{"@type":"WebPage","@id":"https:\/\/www.frankhoppmann.de\/shop\/pastors-kau-ii-triptychon-kunstdruck\/","url":"https:\/\/www.frankhoppmann.de\/shop\/pastors-kau-ii-triptychon-kunstdruck\/","name":"\"Pastors Kau II\" - Triptychon - Kunstdruck - Frank Hoppmann","isPartOf":{"@id":"https:\/\/www.frankhoppmann.de\/#website"},"primaryImageOfPage":{"@id":"https:\/\/www.frankhoppmann.de\/shop\/pastors-kau-ii-triptychon-kunstdruck\/#primaryimage"},"image":{"@id":"https:\/\/www.frankhoppmann.de\/shop\/pastors-kau-ii-triptychon-kunstdruck\/#primaryimage"},"thumbnailUrl":"https:\/\/www.frankhoppmann.de\/wp-content\/uploads\/2026\/04\/08-19.jpg","datePublished":"2026-04-02T15:34:00+00:00","dateModified":"2026-05-10T13:01:14+00:00","breadcrumb":{"@id":"https:\/\/www.frankhoppmann.de\/shop\/pastors-kau-ii-triptychon-kunstdruck\/#breadcrumb"},"inLanguage":"en-US","potentialAction":[{"@type":"ReadAction","target":["https:\/\/www.frankhoppmann.de\/shop\/pastors-kau-ii-triptychon-kunstdruck\/"]}]},{"@type":"ImageObject","inLanguage":"en-US","@id":"https:\/\/www.frankhoppmann.de\/shop\/pastors-kau-ii-triptychon-kunstdruck\/#primaryimage","url":"https:\/\/www.frankhoppmann.de\/wp-content\/uploads\/2026\/04\/08-19.jpg","contentUrl":"https:\/\/www.frankhoppmann.de\/wp-content\/uploads\/2026\/04\/08-19.jpg","width":1280,"height":1280},{"@type":"BreadcrumbList","@id":"https:\/\/www.frankhoppmann.de\/shop\/pastors-kau-ii-triptychon-kunstdruck\/#breadcrumb","itemListElement":[{"@type":"ListItem","position":1,"name":"Start","item":"https:\/\/www.frankhoppmann.de\/en\/"},{"@type":"ListItem","position":2,"name":"Shop","item":"https:\/\/www.frankhoppmann.de\/en\/shop\/"},{"@type":"ListItem","position":3,"name":"&#8222;Pastors Kau II&#8220; &#8211; Triptychon &#8211; Kunstdruck"}]},{"@type":"WebSite","@id":"https:\/\/www.frankhoppmann.de\/#website","url":"https:\/\/www.frankhoppmann.de\/","name":"Frank Hoppmann","description":"","potentialAction":[{"@type":"SearchAction","target":{"@type":"EntryPoint","urlTemplate":"https:\/\/www.frankhoppmann.de\/?s={search_term_string}"},"query-input":{"@type":"PropertyValueSpecification","valueRequired":true,"valueName":"search_term_string"}}],"inLanguage":"en-US"}]}},"_links":{"self":[{"href":"https:\/\/www.frankhoppmann.de\/en\/wp-json\/wp\/v2\/product\/68","targetHints":{"allow":["GET"]}}],"collection":[{"href":"https:\/\/www.frankhoppmann.de\/en\/wp-json\/wp\/v2\/product"}],"about":[{"href":"https:\/\/www.frankhoppmann.de\/en\/wp-json\/wp\/v2\/types\/product"}],"wp:featuredmedia":[{"embeddable":true,"href":"https:\/\/www.frankhoppmann.de\/en\/wp-json\/wp\/v2\/media\/1025"}],"wp:attachment":[{"href":"https:\/\/www.frankhoppmann.de\/en\/wp-json\/wp\/v2\/media?parent=68"}],"wp:term":[{"taxonomy":"product_brand","embeddable":true,"href":"https:\/\/www.frankhoppmann.de\/en\/wp-json\/wp\/v2\/product_brand?post=68"},{"taxonomy":"product_cat","embeddable":true,"href":"https:\/\/www.frankhoppmann.de\/en\/wp-json\/wp\/v2\/product_cat?post=68"},{"taxonomy":"product_tag","embeddable":true,"href":"https:\/\/www.frankhoppmann.de\/en\/wp-json\/wp\/v2\/product_tag?post=68"}],"curies":[{"name":"wp","href":"https:\/\/api.w.org\/{rel}","templated":true}]}}